{"id":35,"date":"2022-05-19T11:42:41","date_gmt":"2022-05-19T09:42:41","guid":{"rendered":"https:\/\/letsrebold.com\/?page_id=35"},"modified":"2025-04-01T18:20:40","modified_gmt":"2025-04-01T16:20:40","slug":"contacto","status":"publish","type":"page","link":"https:\/\/letsrebold.com\/es\/contacto\/","title":{"rendered":"Contacto"},"content":{"rendered":"\n<div id=\"aperturaContacto-block_ce70a7d14543e3e3c0129633d73802ac\" class=\"aperturaContacto\">\n    <section class=\"contact active\">\n        <div class=\"contact_header\">\n            <div class=\"container\">\n\n                <img decoding=\"async\" class=\"who_svg\" src=\"https:\/\/letsrebold.com\/wp-content\/themes\/rebold\/images\/rebold-contactv2.svg\" alt=\"\">\n                <h1 class=\"contact_title\">\n                                            <span>Hello!<\/span>\n                                            <span>Hola!<\/span>\n                                            <span>Ciao!<\/span>\n                                            <span>Bonjour!<\/span>\n                                    <\/h1>\n                <p class=\"contact_description\">Si est\u00e1s aqu\u00ed es porque tienes una meta: una estrategia de marketing &amp; comunicaci\u00f3n exquisita, contenidos y experiencias hiperpersonalizadas, y todo el poder que la data te pueda dar. Buscas que tu marca crezca.\nNosotrxs sabemos de esto y queremos ayudarte a ganar. \u00a1Cu\u00e9ntanos!\n<\/p>\n            <\/div>\n        <\/div>\n    <\/section>\n<\/div>\n\n\n<div id=\"contactov2-block_3910b369a8dd9acf4de1ae10da770f78\" class=\"contactoV2\">\n    <section class=\"contacto_v2_section\">\n        <div class=\"container\">\n            <div class=\"row\">\n                <div class=\"col-12\">\n                    <h3 class=\"text-heading\" style=\"color: #E0094B;\">Contacta con nosotros\n<\/h3>\n                <\/div>\n            <\/div>\n            <div class=\"row\">\n                <div class=\"col-12\">\n                                            <a href=\"mailto:info@letsrebold.com\" target=\"_blank\" class=\"btn-email\">\n                            <img decoding=\"async\" src=\"https:\/\/letsrebold.com\/wp-content\/themes\/rebold\/images\/email-primary-color.svg\" alt=\"Email\" class=\"email-icon\">\n                            <span>info@letsrebold.com<\/span>\n                        <\/a>\n                                    <\/div>\n            <\/div>\n        <\/div>\n    <\/section>\n<\/div>\n\n","protected":false},"excerpt":{"rendered":"","protected":false},"author":21,"featured_media":0,"parent":0,"menu_order":0,"comment_status":"closed","ping_status":"closed","template":"page-100-width.php","meta":{"_acf_changed":false,"footnotes":""},"class_list":["post-35","page","type-page","status-publish","hentry"],"acf":[],"yoast_head":"<!-- This site is optimized with the Yoast SEO plugin v27.1.1 - https:\/\/yoast.com\/product\/yoast-seo-wordpress\/ -->\n<title>Contacto | Rebold<\/title>\n<meta name=\"description\" content=\"Cont\u00e1ctanos y te ayudaremos a impulsar tu marca a trav\u00e9s de etrategias de marketing, comunicaci\u00f3n y contenidos con el poder que la data nos da.\" \/>\n<meta name=\"robots\" content=\"index, follow, max-snippet:-1, max-image-preview:large, max-video-preview:-1\" \/>\n<link rel=\"canonical\" href=\"https:\/\/letsrebold.com\/es\/contacto\/\" \/>\n<meta property=\"og:locale\" content=\"es_ES\" \/>\n<meta property=\"og:type\" content=\"article\" \/>\n<meta property=\"og:title\" content=\"Contacto | Rebold\" \/>\n<meta property=\"og:description\" content=\"Cont\u00e1ctanos y te ayudaremos a impulsar tu marca a trav\u00e9s de etrategias de marketing, comunicaci\u00f3n y contenidos con el poder que la data nos da.\" \/>\n<meta property=\"og:url\" content=\"https:\/\/letsrebold.com\/es\/contacto\/\" \/>\n<meta property=\"og:site_name\" content=\"Rebold\" \/>\n<meta property=\"article:modified_time\" content=\"2025-04-01T16:20:40+00:00\" \/>\n<meta name=\"twitter:card\" content=\"summary_large_image\" \/>\n<script type=\"application\/ld+json\" class=\"yoast-schema-graph\">{\"@context\":\"https:\/\/schema.org\",\"@graph\":[{\"@type\":\"WebPage\",\"@id\":\"https:\/\/letsrebold.com\/es\/contacto\/\",\"url\":\"https:\/\/letsrebold.com\/es\/contacto\/\",\"name\":\"Contacto | Rebold\",\"isPartOf\":{\"@id\":\"https:\/\/letsrebold.com\/es\/#website\"},\"datePublished\":\"2022-05-19T09:42:41+00:00\",\"dateModified\":\"2025-04-01T16:20:40+00:00\",\"description\":\"Cont\u00e1ctanos y te ayudaremos a impulsar tu marca a trav\u00e9s de etrategias de marketing, comunicaci\u00f3n y contenidos con el poder que la data nos da.\",\"inLanguage\":\"es\",\"potentialAction\":[{\"@type\":\"ReadAction\",\"target\":[\"https:\/\/letsrebold.com\/es\/contacto\/\"]}]},{\"@type\":\"WebSite\",\"@id\":\"https:\/\/letsrebold.com\/es\/#website\",\"url\":\"https:\/\/letsrebold.com\/es\/\",\"name\":\"Rebold\",\"description\":\"\",\"potentialAction\":[{\"@type\":\"SearchAction\",\"target\":{\"@type\":\"EntryPoint\",\"urlTemplate\":\"https:\/\/letsrebold.com\/es\/?s={search_term_string}\"},\"query-input\":{\"@type\":\"PropertyValueSpecification\",\"valueRequired\":true,\"valueName\":\"search_term_string\"}}],\"inLanguage\":\"es\"}]}<\/script>\n<!-- \/ Yoast SEO plugin. -->","yoast_head_json":{"title":"Contacto | Rebold","description":"Cont\u00e1ctanos y te ayudaremos a impulsar tu marca a trav\u00e9s de etrategias de marketing, comunicaci\u00f3n y contenidos con el poder que la data nos da.","robots":{"index":"index","follow":"follow","max-snippet":"max-snippet:-1","max-image-preview":"max-image-preview:large","max-video-preview":"max-video-preview:-1"},"canonical":"https:\/\/letsrebold.com\/es\/contacto\/","og_locale":"es_ES","og_type":"article","og_title":"Contacto | Rebold","og_description":"Cont\u00e1ctanos y te ayudaremos a impulsar tu marca a trav\u00e9s de etrategias de marketing, comunicaci\u00f3n y contenidos con el poder que la data nos da.","og_url":"https:\/\/letsrebold.com\/es\/contacto\/","og_site_name":"Rebold","article_modified_time":"2025-04-01T16:20:40+00:00","twitter_card":"summary_large_image","schema":{"@context":"https:\/\/schema.org","@graph":[{"@type":"WebPage","@id":"https:\/\/letsrebold.com\/es\/contacto\/","url":"https:\/\/letsrebold.com\/es\/contacto\/","name":"Contacto | Rebold","isPartOf":{"@id":"https:\/\/letsrebold.com\/es\/#website"},"datePublished":"2022-05-19T09:42:41+00:00","dateModified":"2025-04-01T16:20:40+00:00","description":"Cont\u00e1ctanos y te ayudaremos a impulsar tu marca a trav\u00e9s de etrategias de marketing, comunicaci\u00f3n y contenidos con el poder que la data nos da.","inLanguage":"es","potentialAction":[{"@type":"ReadAction","target":["https:\/\/letsrebold.com\/es\/contacto\/"]}]},{"@type":"WebSite","@id":"https:\/\/letsrebold.com\/es\/#website","url":"https:\/\/letsrebold.com\/es\/","name":"Rebold","description":"","potentialAction":[{"@type":"SearchAction","target":{"@type":"EntryPoint","urlTemplate":"https:\/\/letsrebold.com\/es\/?s={search_term_string}"},"query-input":{"@type":"PropertyValueSpecification","valueRequired":true,"valueName":"search_term_string"}}],"inLanguage":"es"}]}},"_links":{"self":[{"href":"https:\/\/letsrebold.com\/es\/wp-json\/wp\/v2\/pages\/35","targetHints":{"allow":["GET"]}}],"collection":[{"href":"https:\/\/letsrebold.com\/es\/wp-json\/wp\/v2\/pages"}],"about":[{"href":"https:\/\/letsrebold.com\/es\/wp-json\/wp\/v2\/types\/page"}],"author":[{"embeddable":true,"href":"https:\/\/letsrebold.com\/es\/wp-json\/wp\/v2\/users\/21"}],"replies":[{"embeddable":true,"href":"https:\/\/letsrebold.com\/es\/wp-json\/wp\/v2\/comments?post=35"}],"version-history":[{"count":21,"href":"https:\/\/letsrebold.com\/es\/wp-json\/wp\/v2\/pages\/35\/revisions"}],"predecessor-version":[{"id":18211,"href":"https:\/\/letsrebold.com\/es\/wp-json\/wp\/v2\/pages\/35\/revisions\/18211"}],"wp:attachment":[{"href":"https:\/\/letsrebold.com\/es\/wp-json\/wp\/v2\/media?parent=35"}],"curies":[{"name":"wp","href":"https:\/\/api.w.org\/{rel}","templated":true}]}}