{"id":582,"date":"2022-06-01T16:06:00","date_gmt":"2022-06-01T14:06:00","guid":{"rendered":"https:\/\/letsrebold.com\/?page_id=582"},"modified":"2025-04-15T09:55:01","modified_gmt":"2025-04-15T07:55:01","slug":"careers","status":"publish","type":"page","link":"https:\/\/letsrebold.com\/es\/careers\/","title":{"rendered":"Careers"},"content":{"rendered":"\n<div id=\"aperturaPersonas-block_7020b8a24e1b5d214405f19e3dc29e61\" class=\"aperturaPersonas\">\n    <section class=\"bg-primary active\">\n        <div class=\"container\">\n\n            <div class=\"sub_header animated\">\n                <a class=\"sub_tag\">Puertas siempre abiertas\n<\/a>\n                <h1 class=\"sub_title\"><a href=\"#\">\u00bfTe sientes <strong>Bold?<\/strong>\n<small>adj.: Audaz, atrevido\/a, llamativo\/a<\/small><\/a><\/h1>\n                <div class=\"sub_text\">\n                    <div>\n                        <p>Si te gusta inventar, probar y volverlo a intentar, tenemos que hablar.\nSi lo tuyo es desafiar el status quo y hacer tu propio camino, tenemos que hablar.\n<strong>Si lo que te apasiona son las personas, las marcas y todo lo que pasa en medio, definitivamente tenemos que hablar.<\/strong>\n\u00bfTe suena bien?\n<\/p>\n                    <\/div>\n                <\/div>\n            <\/div><!-- .sub_header -->\n        <\/div>\n    <\/section><!-- .bg-primary -->\n<\/div>\n\n\n<div id=\"teamtailor-block_4bb7550da2146360bd523e954694fabf\" class=\"teamtailor\">\n    <section class=\"teamtailor_section\">\n        <div class=\"container\">\n            <div class=\"row\">\n                <div class=\"col-12\">\n                    <h3 class=\"text-heading\" style=\"color: #E0094B;\">\n                        Open jobs\n                    <\/h3>\n                <\/div>\n            <\/div>\n            <div class=\"row\">\n                <div class=\"col-12\">\n                                            <div class=\"teamtailor-script\">\n                            <script src=\"https:\/\/scripts.teamtailor-cdn.com\/widgets\/eu-pink\/jobs.js\" async charset=\"utf-8\"><\/script><div class=\"teamtailor-jobs-widget\" data-teamtailor-limit=\"8\" data-teamtailor-popup=\"true\" data-teamtailor-department=\"214973\" data-teamtailor-role-select=\"true\" data-teamtailor-region-select=\"true\" data-teamtailor-api-key=\"Vip5MSY_jVi3MBbpDzLAHsS1WtZz_FU8CMtdpO9T\"><\/div>                        <\/div>\n                                    <\/div>\n            <\/div>\n        <\/div>\n    <\/section>\n<\/div>\n\n\n\n<div id=\"listaNumerada-block_32d70d8134e3f6dc958eeb817c6c5939\" class=\"listaNumerada\">\n    <section class=\"steps active\">\n        <div class=\"container\">\n            <ol>\n                                    <li>\n                        <div>\n                            <h2>Flexibilidad &amp; Bienestar\n<\/h2>\n                            Antes de 2020 ya conoc\u00edamos el teletrabajo. La conciliaci\u00f3n se vive de forma distinta para cada persona. Creemos en el valor de compartir espacio y trato directo, pero tambi\u00e9n en tener libertad para gestionar tiempo, trabajo y vida. 50-50.\n                        <\/div>\n                    <\/li>\n\n                                        <li>\n                        <div>\n                            <h2>Aprendizaje cont\u00ednuo\n<\/h2>\n                            Nos mueve el aprendizaje constante y el reto de ir siempre un paso m\u00e1s all\u00e1. Cuestionarnos es el primer paso para entender lo que pasa afuera. Te desafiamos a empujar.\n                        <\/div>\n                    <\/li>\n\n                                        <li>\n                        <div>\n                            <h2>Diversidad &amp; Inclusi\u00f3n\n<\/h2>\n                            Solo se puede dar lo mejor siendo uno mismo. Por eso trabajamos en construir un marco basado en cuatro pilares: respeto, diversidad, empat\u00eda y reconocimiento.\n                        <\/div>\n                    <\/li>\n\n                                        <li>\n                        <div>\n                            <h2>Comunidad sostenible\n<\/h2>\n                            La suma de todos los peque\u00f1os gestos es la que marca la diferencia: compromiso social, voluntariado, eventos ben\u00e9ficos, consumo responsable y encontrar espacio para la diversi\u00f3n en casi cualquier contexto.\n                        <\/div>\n                    <\/li>\n\n                                <\/ol>\n        <\/div>\n    <\/section><!-- .steps -->\n<\/div>\n\n\n<section class=\"insights careers insights-people active\">\n    <div class=\"container\">\n                    <img loading=\"lazy\" decoding=\"async\" class=\"insights_svg\" src=\"https:\/\/letsrebold.com\/wp-content\/themes\/rebold\/images\/deco-lines-careers.svg\" width=\"480\" height=\"293\" alt=\"\">\n        \n        <h2 class=\"insights_tag\"><strong>Smart Growth<\/strong>: for today and tomorrow\n<\/h2>\n        <div class=\"swiper swiper-insights\">\n            <div class=\"swiper-wrapper\">\n                                        <div class=\"swiper-slide\">\n                            <article class=\"insight\">\n                                <a href=\"https:\/\/letsrebold.com\/es\/blog\/user-generated-content-estrategia-voz-tu-audiencia\/\" class=\"insight_image\" alt=\"User Generated Content: la estrategia que da voz a tu audiencia\" title=\"User Generated Content: la estrategia que da voz a tu audiencia\">\n                                    <img loading=\"lazy\" decoding=\"async\" src=\"https:\/\/letsrebold.com\/wp-content\/uploads\/2024\/09\/\u00bfQue-es-User-Generated-Content-578x351.jpg\" alt=\"User Generated Content: la estrategia que da voz a tu audiencia\" title=\"User Generated Content: la estrategia que da voz a tu audiencia\" width=\"578\" height=\"351\" \/>\n                                <\/a>\n                                <a href=\"https:\/\/letsrebold.com\/es\/blog\/user-generated-content-estrategia-voz-tu-audiencia\/\">\n                                    <h3 class=\"insight_title\">User Generated Content: la estrategia que da voz a tu audiencia<\/h3>\n                                <\/a>\n                                <a href=\"https:\/\/letsrebold.com\/es\/blog\/user-generated-content-estrategia-voz-tu-audiencia\/\">\n                                    <p class=\"insight_description\">En la actualidad, el marketing ha evolucionado de manera significativa, adapt\u00e1ndose a las nuevas tendencias y necesidades de los consumidores. Una de las estrategias m\u00e1s efectivas y populares es el User Generated Content (UGC), o contenido generado por el usuario. Esta t\u00e1ctica no solo ofrece una forma aut\u00e9ntica de conectar con la audiencia, sino que [&hellip;]<\/p>\n                                <\/a>\n                                <a class=\"insight_link\" href=\"https:\/\/letsrebold.com\/es\/blog\/user-generated-content-estrategia-voz-tu-audiencia\/\" title=\"User Generated Content: la estrategia que da voz a tu audiencia\" alt=\"User Generated Content: la estrategia que da voz a tu audiencia\">\n                                    <span>M\u00e1s informaci\u00f3n<\/span>\n                                    <span class=\"ico-right\">M\u00e1s informaci\u00f3n<\/span>\n                                <\/a>\n                            <\/article>\n                        <\/div>\n                                        <div class=\"swiper-slide\">\n                            <article class=\"insight\">\n                                <a href=\"https:\/\/letsrebold.com\/es\/blog\/como-hacer-un-visual-thinking\/\" class=\"insight_image\" alt=\"C\u00f3mo hacer un Visual Thinking: despierta tu potencial creativo\" title=\"C\u00f3mo hacer un Visual Thinking: despierta tu potencial creativo\">\n                                    <img loading=\"lazy\" decoding=\"async\" src=\"https:\/\/letsrebold.com\/wp-content\/uploads\/2024\/09\/\u00bfComo-hacer-un-visual-thinking-578x351.jpg\" alt=\"C\u00f3mo hacer un Visual Thinking: despierta tu potencial creativo\" title=\"C\u00f3mo hacer un Visual Thinking: despierta tu potencial creativo\" width=\"578\" height=\"351\" \/>\n                                <\/a>\n                                <a href=\"https:\/\/letsrebold.com\/es\/blog\/como-hacer-un-visual-thinking\/\">\n                                    <h3 class=\"insight_title\">C\u00f3mo hacer un Visual Thinking: despierta tu potencial creativo<\/h3>\n                                <\/a>\n                                <a href=\"https:\/\/letsrebold.com\/es\/blog\/como-hacer-un-visual-thinking\/\">\n                                    <p class=\"insight_description\">En los \u00faltimos a\u00f1os, utilizar im\u00e1genes es una de las maneras m\u00e1s efectivas de comunicar nuestras ideas. El uso de diagramas, mapas y otros tipos de representaciones visuales ayudan a desarrollar y comunicar las mismas. Estas t\u00e9cnicas permiten, adem\u00e1s, estimular nuestra creatividad y mejorar la comprensi\u00f3n de ideas complejas. Es por esto por lo que, [&hellip;]<\/p>\n                                <\/a>\n                                <a class=\"insight_link\" href=\"https:\/\/letsrebold.com\/es\/blog\/como-hacer-un-visual-thinking\/\" title=\"C\u00f3mo hacer un Visual Thinking: despierta tu potencial creativo\" alt=\"C\u00f3mo hacer un Visual Thinking: despierta tu potencial creativo\">\n                                    <span>M\u00e1s informaci\u00f3n<\/span>\n                                    <span class=\"ico-right\">M\u00e1s informaci\u00f3n<\/span>\n                                <\/a>\n                            <\/article>\n                        <\/div>\n                                        <div class=\"swiper-slide\">\n                            <article class=\"insight\">\n                                <a href=\"https:\/\/letsrebold.com\/es\/blog\/utms-google-herramienta-clave-analisis-campanas\/\" class=\"insight_image\" alt=\"UTMs de Google: la herramienta clave para el an\u00e1lisis de campa\u00f1as\" title=\"UTMs de Google: la herramienta clave para el an\u00e1lisis de campa\u00f1as\">\n                                    <img loading=\"lazy\" decoding=\"async\" src=\"https:\/\/letsrebold.com\/wp-content\/uploads\/2024\/09\/Usuario-navega-por-Internet-578x351.jpg\" alt=\"UTMs de Google: la herramienta clave para el an\u00e1lisis de campa\u00f1as\" title=\"UTMs de Google: la herramienta clave para el an\u00e1lisis de campa\u00f1as\" width=\"578\" height=\"351\" \/>\n                                <\/a>\n                                <a href=\"https:\/\/letsrebold.com\/es\/blog\/utms-google-herramienta-clave-analisis-campanas\/\">\n                                    <h3 class=\"insight_title\">UTMs de Google: la herramienta clave para el an\u00e1lisis de campa\u00f1as<\/h3>\n                                <\/a>\n                                <a href=\"https:\/\/letsrebold.com\/es\/blog\/utms-google-herramienta-clave-analisis-campanas\/\">\n                                    <p class=\"insight_description\">En la actualidad, resulta indispensable medir la efectividad de las campa\u00f1as publicitarias. Las UTMs de Google, tambi\u00e9n conocidas como Urchin Tracking Modules, o C\u00f3digo de Seguimiento de Urchin en espa\u00f1ol, son una herramienta esencial para lograr este objetivo. Estos par\u00e1metros permiten rastrear y analizar el rendimiento de las campa\u00f1as de marketing de una manera precisa [&hellip;]<\/p>\n                                <\/a>\n                                <a class=\"insight_link\" href=\"https:\/\/letsrebold.com\/es\/blog\/utms-google-herramienta-clave-analisis-campanas\/\" title=\"UTMs de Google: la herramienta clave para el an\u00e1lisis de campa\u00f1as\" alt=\"UTMs de Google: la herramienta clave para el an\u00e1lisis de campa\u00f1as\">\n                                    <span>M\u00e1s informaci\u00f3n<\/span>\n                                    <span class=\"ico-right\">M\u00e1s informaci\u00f3n<\/span>\n                                <\/a>\n                            <\/article>\n                        <\/div>\n                            <\/div>\n            <div class=\"swiper-controls\">\n                <a class=\"swiper-button-prev\" href=\"#\"><span class=\"ico-left\">Anterior<\/span><\/a>\n                <a class=\"swiper-button-next\" href=\"#\"><span class=\"ico-right\">Siguiente<\/span><\/a>\n                <div class=\"swiper-pagination\"><\/div>\n            <\/div>\n        <\/div>\n    <\/div>\n<\/section><!-- .insights -->\n\n\n\n<div id=\"contacto-block_8de4a24d593469d5aa482bb92c0357c2\" class=\"contacto\">\n    <section class=\"hero hero-contact bg-gradient active\">\n        <div class=\"container\">\n            <article>\n                                <h3 class=\"hero_title\"><p style=\"margin-top:5rem\">\u00bfHas pensado lo que tu marca\u00a0<strong>podr\u00eda conseguir<\/strong>?\n<\/p><\/h3>\n                                <a class=\"hero_link_v2\" href=\"https:\/\/letsrebold.com\/es\/contacto\/\" alt=\"Cont\u00e1ctanos\" title=\"Cont\u00e1ctanos\">\n                    <span>Cont\u00e1ctanos<\/span>\n                    <img decoding=\"async\" src=\"https:\/\/letsrebold.com\/wp-content\/themes\/rebold\/images\/btn-contact.svg\" alt=\"Flecha\" class=\"hero_arrow\">\n                <\/a>\n\n            <\/article>\n        <\/div>\n    <\/section><!-- .hero -->\n<\/div>","protected":false},"excerpt":{"rendered":"","protected":false},"author":21,"featured_media":0,"parent":0,"menu_order":0,"comment_status":"closed","ping_status":"closed","template":"page-100-width.php","meta":{"_acf_changed":false,"footnotes":""},"class_list":["post-582","page","type-page","status-publish","hentry"],"acf":[],"yoast_head":"<!-- This site is optimized with the Yoast SEO plugin v27.1.1 - https:\/\/yoast.com\/product\/yoast-seo-wordpress\/ -->\n<title>Careers | Rebold<\/title>\n<meta name=\"description\" content=\"\u00a1\u00danete a Rebold! Desarrolla tu carrera profesional en un entorno de flexibilidad, diversidad, sostenibilidad y aprendizaje cont\u00ednuo.\" \/>\n<meta name=\"robots\" content=\"index, follow, max-snippet:-1, max-image-preview:large, max-video-preview:-1\" \/>\n<link rel=\"canonical\" href=\"https:\/\/letsrebold.com\/es\/careers\/\" \/>\n<meta property=\"og:locale\" content=\"es_ES\" \/>\n<meta property=\"og:type\" content=\"article\" \/>\n<meta property=\"og:title\" content=\"Careers | Rebold\" \/>\n<meta property=\"og:description\" content=\"\u00a1\u00danete a Rebold! Desarrolla tu carrera profesional en un entorno de flexibilidad, diversidad, sostenibilidad y aprendizaje cont\u00ednuo.\" \/>\n<meta property=\"og:url\" content=\"https:\/\/letsrebold.com\/es\/careers\/\" \/>\n<meta property=\"og:site_name\" content=\"Rebold\" \/>\n<meta property=\"article:modified_time\" content=\"2025-04-15T07:55:01+00:00\" \/>\n<meta name=\"twitter:card\" content=\"summary_large_image\" \/>\n<script type=\"application\/ld+json\" class=\"yoast-schema-graph\">{\"@context\":\"https:\/\/schema.org\",\"@graph\":[{\"@type\":\"WebPage\",\"@id\":\"https:\/\/letsrebold.com\/es\/careers\/\",\"url\":\"https:\/\/letsrebold.com\/es\/careers\/\",\"name\":\"Careers | Rebold\",\"isPartOf\":{\"@id\":\"https:\/\/letsrebold.com\/es\/#website\"},\"datePublished\":\"2022-06-01T14:06:00+00:00\",\"dateModified\":\"2025-04-15T07:55:01+00:00\",\"description\":\"\u00a1\u00danete a Rebold! Desarrolla tu carrera profesional en un entorno de flexibilidad, diversidad, sostenibilidad y aprendizaje cont\u00ednuo.\",\"inLanguage\":\"es\",\"potentialAction\":[{\"@type\":\"ReadAction\",\"target\":[\"https:\/\/letsrebold.com\/es\/careers\/\"]}]},{\"@type\":\"WebSite\",\"@id\":\"https:\/\/letsrebold.com\/es\/#website\",\"url\":\"https:\/\/letsrebold.com\/es\/\",\"name\":\"Rebold\",\"description\":\"\",\"potentialAction\":[{\"@type\":\"SearchAction\",\"target\":{\"@type\":\"EntryPoint\",\"urlTemplate\":\"https:\/\/letsrebold.com\/es\/?s={search_term_string}\"},\"query-input\":{\"@type\":\"PropertyValueSpecification\",\"valueRequired\":true,\"valueName\":\"search_term_string\"}}],\"inLanguage\":\"es\"}]}<\/script>\n<!-- \/ Yoast SEO plugin. -->","yoast_head_json":{"title":"Careers | Rebold","description":"\u00a1\u00danete a Rebold! Desarrolla tu carrera profesional en un entorno de flexibilidad, diversidad, sostenibilidad y aprendizaje cont\u00ednuo.","robots":{"index":"index","follow":"follow","max-snippet":"max-snippet:-1","max-image-preview":"max-image-preview:large","max-video-preview":"max-video-preview:-1"},"canonical":"https:\/\/letsrebold.com\/es\/careers\/","og_locale":"es_ES","og_type":"article","og_title":"Careers | Rebold","og_description":"\u00a1\u00danete a Rebold! Desarrolla tu carrera profesional en un entorno de flexibilidad, diversidad, sostenibilidad y aprendizaje cont\u00ednuo.","og_url":"https:\/\/letsrebold.com\/es\/careers\/","og_site_name":"Rebold","article_modified_time":"2025-04-15T07:55:01+00:00","twitter_card":"summary_large_image","schema":{"@context":"https:\/\/schema.org","@graph":[{"@type":"WebPage","@id":"https:\/\/letsrebold.com\/es\/careers\/","url":"https:\/\/letsrebold.com\/es\/careers\/","name":"Careers | Rebold","isPartOf":{"@id":"https:\/\/letsrebold.com\/es\/#website"},"datePublished":"2022-06-01T14:06:00+00:00","dateModified":"2025-04-15T07:55:01+00:00","description":"\u00a1\u00danete a Rebold! Desarrolla tu carrera profesional en un entorno de flexibilidad, diversidad, sostenibilidad y aprendizaje cont\u00ednuo.","inLanguage":"es","potentialAction":[{"@type":"ReadAction","target":["https:\/\/letsrebold.com\/es\/careers\/"]}]},{"@type":"WebSite","@id":"https:\/\/letsrebold.com\/es\/#website","url":"https:\/\/letsrebold.com\/es\/","name":"Rebold","description":"","potentialAction":[{"@type":"SearchAction","target":{"@type":"EntryPoint","urlTemplate":"https:\/\/letsrebold.com\/es\/?s={search_term_string}"},"query-input":{"@type":"PropertyValueSpecification","valueRequired":true,"valueName":"search_term_string"}}],"inLanguage":"es"}]}},"_links":{"self":[{"href":"https:\/\/letsrebold.com\/es\/wp-json\/wp\/v2\/pages\/582","targetHints":{"allow":["GET"]}}],"collection":[{"href":"https:\/\/letsrebold.com\/es\/wp-json\/wp\/v2\/pages"}],"about":[{"href":"https:\/\/letsrebold.com\/es\/wp-json\/wp\/v2\/types\/page"}],"author":[{"embeddable":true,"href":"https:\/\/letsrebold.com\/es\/wp-json\/wp\/v2\/users\/21"}],"replies":[{"embeddable":true,"href":"https:\/\/letsrebold.com\/es\/wp-json\/wp\/v2\/comments?post=582"}],"version-history":[{"count":141,"href":"https:\/\/letsrebold.com\/es\/wp-json\/wp\/v2\/pages\/582\/revisions"}],"predecessor-version":[{"id":18215,"href":"https:\/\/letsrebold.com\/es\/wp-json\/wp\/v2\/pages\/582\/revisions\/18215"}],"wp:attachment":[{"href":"https:\/\/letsrebold.com\/es\/wp-json\/wp\/v2\/media?parent=582"}],"curies":[{"name":"wp","href":"https:\/\/api.w.org\/{rel}","templated":true}]}}