{"id":9719,"date":"2022-05-19T13:27:30","date_gmt":"2022-05-19T11:27:30","guid":{"rendered":"https:\/\/letsrebold.com\/home\/"},"modified":"2022-10-24T16:57:24","modified_gmt":"2022-10-24T14:57:24","slug":"home","status":"publish","type":"page","link":"https:\/\/letsrebold.com\/it\/","title":{"rendered":"Home"},"content":{"rendered":"\n<div id=\"trabajoDestacado-block_4cd2cca3659b48d4eb72de681c40d35d\" class=\"trabajoDestacado\">\n    <section class=\"hero  animated active\">\n        <div class=\"container\">\n            <article>\n                <a href=\"https:\/\/letsrebold.com\/it\/case-study\/universita-ecampus\/\" class=\"hero_tag 11598\">\n                    Rebold Marketing                    <p style=\"font-size: 2.2rem;line-height: 3.9rem;letter-spacing: -.05rem;font-family: 'Roboto';font-weight: 300;\">\n                        Universit\u00e0 eCampus                    <\/p>\n                <\/a>\n                <!--<a href=\"\" class=\"hero_brand\"><\/a>-->\n                <a href=\"https:\/\/letsrebold.com\/it\/case-study\/universita-ecampus\/\"><h1 class=\"hero_title\"><p style=\"margin-top:5rem\">360\u00b0 consultancy\n<\/p><\/h1><\/a>\n                                    <a href=\"https:\/\/letsrebold.com\/it\/case-study\/universita-ecampus\/\"><p class=\"hero_subtitle\">Consulenza full-service per incrementare la brand awareness di eCampus e raggiungere nuovi potenziali studenti.\n<\/p><\/a>\n                                     <a class=\"hero_link\" href=\"https:\/\/letsrebold.com\/it\/case-study\/universita-ecampus\/\"><span class=\"ico-right\">Scopri di pi\u00f9<\/span><\/a>\n            <\/article>\n        <\/div>\n        <picture class=\"hero_image\">\n            <img decoding=\"async\" loading=\"lazy\" width=\"1440\" height=\"874\" src=\"https:\/\/letsrebold.com\/wp-content\/uploads\/2022\/10\/reboldit-empoweringeducation.jpg\" class=\"attachment-img-header size-img-header wp-post-image\" alt=\"360\u00b0 consultancy: raccontare l&#8217;Universit\u00e0 e raggiungere nuovi studenti.\" title=\"360\u00b0 consultancy: raccontare l&#8217;Universit\u00e0 e raggiungere nuovi studenti.\">\n        <\/picture>\n    <\/section><!-- .hero -->\n<\/div>\n\n\n<div id=\"info1-block_dda6ce96c0ba220f5221d417405bfb43\" class=\"info1\">\n    <section class=\"info active\">\n        <div class=\"container\">\n            <img loading=\"lazy\" decoding=\"async\" class=\"info_svg\" src=\"https:\/\/letsrebold.com\/wp-content\/themes\/rebold\/images\/deco-lines-v2.svg\" alt=\"\" width=\"480\" height=\"293\">\n            <h2 class=\"info_title\">Raggiungi <strong>ci\u00f2 che non avresti<\/strong> <strong>mai immaginato\u00a0<\/strong>con il tuo brand.\n <small>go for<strong> bolder.<\/strong>\n<\/small><\/h2>\n            <p class=\"info_description\">Affrontiamo le sfide di marketing e comunicazione attraverso una profonda comprensione dei dati e un approccio consulenziale full-service. Sperimentiamo nuovi percorsi che consentano alle persone di connettersi con i brand.\n<\/p>\n        <\/div>\n    <\/section><!-- .info -->\n<\/div>\n\n\n<div id=\"servicios-block_edec24de177501441a001ed733b48348\" class=\"servicios\">\n    <section class=\"services active\">\n        <div class=\"container\">\n            <span class=\"services_tag\">I nostri servizi\n<\/span>\n        <\/div>\n        <div class=\"swiper swiper-services\">\n            <div class=\"swiper-wrapper\">\n                            <\/div>\n            <div class=\"swiper-controls\">\n                <div class=\"swiper-pagination\"><\/div>\n            <\/div>\n        <\/div>\n    <\/section><!-- .services -->\n\n\n<\/div>\n\n\n<div id=\"trabajoDestacado-block_54f50ec22ec22610662fdb7a08f082cd\" class=\"trabajoDestacado\">\n    <section class=\"hero  animated active\">\n        <div class=\"container\">\n            <article>\n                <a href=\"https:\/\/letsrebold.com\/it\/case-study\/younited-credit\/\" class=\"hero_tag 11663\">\n                    Rebold Content                    <p style=\"font-size: 2.2rem;line-height: 3.9rem;letter-spacing: -.05rem;font-family: 'Roboto';font-weight: 300;\">\n                        Younited Credit                    <\/p>\n                <\/a>\n                <!--<a href=\"\" class=\"hero_brand\"><\/a>-->\n                <a href=\"https:\/\/letsrebold.com\/it\/case-study\/younited-credit\/\"><h1 class=\"hero_title\"><p style=\"margin-top:5rem\">Spotify &#038; TikTok\n<\/p><\/h1><\/a>\n                                    <a href=\"https:\/\/letsrebold.com\/it\/case-study\/younited-credit\/\"><p class=\"hero_subtitle\">Come i prestiti online possono intercettare nuovi clienti attraverso canali innovativi e una narrazione autentica.\n<\/p><\/a>\n                                     <a class=\"hero_link\" href=\"https:\/\/letsrebold.com\/it\/case-study\/younited-credit\/\"><span class=\"ico-right\">Scopri di pi\u00f9<\/span><\/a>\n            <\/article>\n        <\/div>\n        <picture class=\"hero_image\">\n            <img decoding=\"async\" loading=\"lazy\" width=\"1440\" height=\"874\" src=\"https:\/\/letsrebold.com\/wp-content\/uploads\/2022\/10\/younited-credit-case.jpg\" class=\"attachment-img-header size-img-header wp-post-image\" alt=\"Raccontare i prestiti online attraverso TikTok e Spotify.\" title=\"Raccontare i prestiti online attraverso TikTok e Spotify.\">\n        <\/picture>\n    <\/section><!-- .hero -->\n<\/div>\n\n<section id=\"insights-block_a9f22d33beccab62f036bbfee22e809b\" class=\"insights  active\">\n    <div class=\"container\">\n                    <img loading=\"lazy\" decoding=\"async\" class=\"insights_svg\" src=\"https:\/\/letsrebold.com\/wp-content\/themes\/rebold\/images\/deco-arcs-v2.svg\" width=\"480\" height=\"293\" alt=\"\">\n        \n        <h2 class=\"insights_tag\">Trendcast &#038; Blog\n<\/h2>\n        <div class=\"swiper swiper-insights\">\n            <div class=\"swiper-wrapper\">\n                                        <div class=\"swiper-slide\">\n                            <article class=\"insight\">\n                                <a href=\"https:\/\/letsrebold.com\/it\/blog\/esempi-di-pubblicita-nel-metaver\/\" class=\"insight_image\" alt=\"Pubblicit\u00e0 nel Metaverso: porta il tuo brand a un&#8217;altra dimensione\" title=\"Pubblicit\u00e0 nel Metaverso: porta il tuo brand a un&#8217;altra dimensione\">\n                                    <img loading=\"lazy\" decoding=\"async\" src=\"https:\/\/letsrebold.com\/wp-content\/uploads\/2022\/02\/ejemplos-de-publicidad-en-metaverso-578x351.jpg\" alt=\"Pubblicit\u00e0 nel Metaverso: porta il tuo brand a un&#8217;altra dimensione\" title=\"Pubblicit\u00e0 nel Metaverso: porta il tuo brand a un&#8217;altra dimensione\" width=\"578\" height=\"351\" \/>\n                                <\/a>\n                                <a href=\"https:\/\/letsrebold.com\/it\/blog\/esempi-di-pubblicita-nel-metaver\/\">\n                                    <h3 class=\"insight_title\">Pubblicit\u00e0 nel Metaverso: porta il tuo brand a un&#8217;altra dimensione<\/h3>\n                                <\/a>\n                                <a href=\"https:\/\/letsrebold.com\/it\/blog\/esempi-di-pubblicita-nel-metaver\/\">\n                                    <p class=\"insight_description\">Con l&#8217;avvento del nuovo universo virtuale \u00e8 opportuno conoscere gli esempi di pubblicit\u00e0 nel Metaverso di marchi prestigiosi, per sviluppare le proprie promozioni. In quest&#8217;epoca di consumi frenetici, non c&#8217;\u00e8 tempo da perdere ed \u00e8 fondamentale tenersi aggiornati su innovazioni e novit\u00e0. L&#8217;idea \u00e8 che si possa lavorare in modo integrato con l&#8217;intelligenza artificiale (AI) [&hellip;]<\/p>\n                                <\/a>\n                                <a class=\"insight_link\" href=\"https:\/\/letsrebold.com\/it\/blog\/esempi-di-pubblicita-nel-metaver\/\" title=\"Pubblicit\u00e0 nel Metaverso: porta il tuo brand a un&#8217;altra dimensione\" alt=\"Pubblicit\u00e0 nel Metaverso: porta il tuo brand a un&#8217;altra dimensione\">\n                                    <span>Scopri di pi\u00f9<\/span>\n                                    <span class=\"ico-right\">Scopri di pi\u00f9<\/span>\n                                <\/a>\n                            <\/article>\n                        <\/div>\n                            <\/div>\n            <div class=\"swiper-controls\">\n                <a class=\"swiper-button-prev\" href=\"#\"><span class=\"ico-left\">Precedente<\/span><\/a>\n                <a class=\"swiper-button-next\" href=\"#\"><span class=\"ico-right\">Seguente<\/span><\/a>\n                <div class=\"swiper-pagination\"><\/div>\n            <\/div>\n        <\/div>\n    <\/div>\n<\/section><!-- .insights -->\n\n\n\n<div id=\"contacto-block_1c0d6bf4773ef29a8daef49fab4d1ca8\" class=\"contacto\">\n    <section class=\"hero hero-contact  active\">\n        <div class=\"container\">\n            <article>\n                                    <span class=\"hero_tag\">Abbiamo una domanda per te&#8230;\n<\/span>\n                                <h3 class=\"hero_title\"><p style=\"margin-top:5rem\">Quali <strong>obiettivi<\/strong> vuoi raggiungere domani?\n<\/p><\/h3>\n                                <a class=\"hero_link_v2\" href=\"https:\/\/letsrebold.com\/it\/contatti\/\" alt=\"Scoprili\" title=\"Scoprili\">\n                    <span>Scoprili<\/span>\n                    <img decoding=\"async\" src=\"https:\/\/letsrebold.com\/wp-content\/themes\/rebold\/images\/btn-contact.svg\" alt=\"Flecha\" class=\"hero_arrow\">\n                <\/a>\n\n            <\/article>\n        <\/div>\n    <\/section><!-- .hero -->\n<\/div>","protected":false},"excerpt":{"rendered":"","protected":false},"author":21,"featured_media":0,"parent":0,"menu_order":0,"comment_status":"closed","ping_status":"closed","template":"page-100-width.php","meta":{"_acf_changed":false,"footnotes":""},"class_list":["post-9719","page","type-page","status-publish","hentry"],"acf":[],"yoast_head":"<!-- This site is optimized with the Yoast SEO plugin v27.1.1 - https:\/\/yoast.com\/product\/yoast-seo-wordpress\/ -->\n<title>Rebold | Full-service digital agency<\/title>\n<meta name=\"description\" content=\"Progettiamo strategie di digital marketing, comunicazione, content e creative a partire dai dati e dalla pianificazione strategica.\" \/>\n<meta name=\"robots\" content=\"index, follow, max-snippet:-1, max-image-preview:large, max-video-preview:-1\" \/>\n<link rel=\"canonical\" href=\"https:\/\/letsrebold.com\/it\/\" \/>\n<meta property=\"og:locale\" content=\"it_IT\" \/>\n<meta property=\"og:type\" content=\"article\" \/>\n<meta property=\"og:title\" content=\"Rebold | Full-service digital agency\" \/>\n<meta property=\"og:description\" content=\"Progettiamo strategie di digital marketing, comunicazione, content e creative a partire dai dati e dalla pianificazione strategica.\" \/>\n<meta property=\"og:url\" content=\"https:\/\/letsrebold.com\/it\/\" \/>\n<meta property=\"og:site_name\" content=\"Rebold\" \/>\n<meta property=\"article:modified_time\" content=\"2022-10-24T14:57:24+00:00\" \/>\n<meta name=\"twitter:card\" content=\"summary_large_image\" \/>\n<script type=\"application\/ld+json\" class=\"yoast-schema-graph\">{\"@context\":\"https:\/\/schema.org\",\"@graph\":[{\"@type\":\"WebPage\",\"@id\":\"https:\/\/letsrebold.com\/it\/\",\"url\":\"https:\/\/letsrebold.com\/it\/\",\"name\":\"Rebold | Full-service digital agency\",\"isPartOf\":{\"@id\":\"https:\/\/letsrebold.com\/it\/#website\"},\"datePublished\":\"2022-05-19T11:27:30+00:00\",\"dateModified\":\"2022-10-24T14:57:24+00:00\",\"description\":\"Progettiamo strategie di digital marketing, comunicazione, content e creative a partire dai dati e dalla pianificazione strategica.\",\"inLanguage\":\"it-IT\",\"potentialAction\":[{\"@type\":\"ReadAction\",\"target\":[\"https:\/\/letsrebold.com\/it\/\"]}]},{\"@type\":\"WebSite\",\"@id\":\"https:\/\/letsrebold.com\/it\/#website\",\"url\":\"https:\/\/letsrebold.com\/it\/\",\"name\":\"Rebold\",\"description\":\"\",\"potentialAction\":[{\"@type\":\"SearchAction\",\"target\":{\"@type\":\"EntryPoint\",\"urlTemplate\":\"https:\/\/letsrebold.com\/it\/?s={search_term_string}\"},\"query-input\":{\"@type\":\"PropertyValueSpecification\",\"valueRequired\":true,\"valueName\":\"search_term_string\"}}],\"inLanguage\":\"it-IT\"}]}<\/script>\n<!-- \/ Yoast SEO plugin. -->","yoast_head_json":{"title":"Rebold | Full-service digital agency","description":"Progettiamo strategie di digital marketing, comunicazione, content e creative a partire dai dati e dalla pianificazione strategica.","robots":{"index":"index","follow":"follow","max-snippet":"max-snippet:-1","max-image-preview":"max-image-preview:large","max-video-preview":"max-video-preview:-1"},"canonical":"https:\/\/letsrebold.com\/it\/","og_locale":"it_IT","og_type":"article","og_title":"Rebold | Full-service digital agency","og_description":"Progettiamo strategie di digital marketing, comunicazione, content e creative a partire dai dati e dalla pianificazione strategica.","og_url":"https:\/\/letsrebold.com\/it\/","og_site_name":"Rebold","article_modified_time":"2022-10-24T14:57:24+00:00","twitter_card":"summary_large_image","schema":{"@context":"https:\/\/schema.org","@graph":[{"@type":"WebPage","@id":"https:\/\/letsrebold.com\/it\/","url":"https:\/\/letsrebold.com\/it\/","name":"Rebold | Full-service digital agency","isPartOf":{"@id":"https:\/\/letsrebold.com\/it\/#website"},"datePublished":"2022-05-19T11:27:30+00:00","dateModified":"2022-10-24T14:57:24+00:00","description":"Progettiamo strategie di digital marketing, comunicazione, content e creative a partire dai dati e dalla pianificazione strategica.","inLanguage":"it-IT","potentialAction":[{"@type":"ReadAction","target":["https:\/\/letsrebold.com\/it\/"]}]},{"@type":"WebSite","@id":"https:\/\/letsrebold.com\/it\/#website","url":"https:\/\/letsrebold.com\/it\/","name":"Rebold","description":"","potentialAction":[{"@type":"SearchAction","target":{"@type":"EntryPoint","urlTemplate":"https:\/\/letsrebold.com\/it\/?s={search_term_string}"},"query-input":{"@type":"PropertyValueSpecification","valueRequired":true,"valueName":"search_term_string"}}],"inLanguage":"it-IT"}]}},"_links":{"self":[{"href":"https:\/\/letsrebold.com\/it\/wp-json\/wp\/v2\/pages\/9719","targetHints":{"allow":["GET"]}}],"collection":[{"href":"https:\/\/letsrebold.com\/it\/wp-json\/wp\/v2\/pages"}],"about":[{"href":"https:\/\/letsrebold.com\/it\/wp-json\/wp\/v2\/types\/page"}],"author":[{"embeddable":true,"href":"https:\/\/letsrebold.com\/it\/wp-json\/wp\/v2\/users\/21"}],"replies":[{"embeddable":true,"href":"https:\/\/letsrebold.com\/it\/wp-json\/wp\/v2\/comments?post=9719"}],"version-history":[{"count":36,"href":"https:\/\/letsrebold.com\/it\/wp-json\/wp\/v2\/pages\/9719\/revisions"}],"predecessor-version":[{"id":12454,"href":"https:\/\/letsrebold.com\/it\/wp-json\/wp\/v2\/pages\/9719\/revisions\/12454"}],"wp:attachment":[{"href":"https:\/\/letsrebold.com\/it\/wp-json\/wp\/v2\/media?parent=9719"}],"curies":[{"name":"wp","href":"https:\/\/api.w.org\/{rel}","templated":true}]}}