{"id":9741,"date":"2022-06-01T16:06:00","date_gmt":"2022-06-01T14:06:00","guid":{"rendered":"https:\/\/letsrebold.com\/careers\/"},"modified":"2022-10-19T15:23:31","modified_gmt":"2022-10-19T13:23:31","slug":"careers","status":"publish","type":"page","link":"https:\/\/letsrebold.com\/it\/careers\/","title":{"rendered":"Entra nel team"},"content":{"rendered":"\n<div id=\"aperturaPersonas-block_9ce89026ab29a01a5cf83457eebb9a3d\" class=\"aperturaPersonas\">\n    <section class=\"bg-primary active\">\n        <div class=\"container\">\n\n            <div class=\"sub_header animated\">\n                <a class=\"sub_tag\"><\/a>\n                <h1 class=\"sub_title\"><a href=\"#\">Ti senti <strong>Bold?<\/strong>\n<small>agg.: intrepid\u0259, coraggios\u0259, creativ\u0259<\/small><\/a><\/h1>\n                <div class=\"sub_text\">\n                    <div>\n                        <p>Hai un animo creativo e non ti accontenti mai dello status quo?<br \/>\nSei in costante ricerca di trend e ti appassionano i dati?<br \/>\nCerchi sempre soluzioni innovative e desideri lavorare con i pi\u00f9 famosi brand internazionali?\n<strong>Se la risposta \u00e8 s\u00ec, allora devi scriverci! <\/strong>Cosa aspetti?\n<\/p>\n                    <\/div>\n                <\/div>\n            <\/div><!-- .sub_header -->\n        <\/div>\n    <\/section><!-- .bg-primary -->\n<\/div>\n\n\n<div id=\"listaNumerada-block_b8ed7eeb9073f245f54506a794a88aec\" class=\"listaNumerada\">\n    <section class=\"steps active\">\n        <div class=\"container\">\n            <ol>\n                                    <li>\n                        <div>\n                            <h2>Benessere e flessibilit\u00e0\n<\/h2>\n                            Avere un sano equilibrio tra lavoro e vita privata e creare abitudini lavorative positive \u00e8 parte integrante della nostra cultura. Abbiamo a cura le esigenze e le aspirazioni personali dei membri del nostro team e offriamo un modello lavorativo flessibile, con la possibilit\u00e0 di lavorare da remoto.\n                        <\/div>\n                    <\/li>\n\n                                        <li>\n                        <div>\n                            <h2>Apprendimento continuo\n<\/h2>\n                            Amiamo la conoscenza, l\u2019apprendimento e restare sempre aggiornati con ci\u00f2 che succede intorno a noi. Incoraggiamo e supportiamo l\u2019intero team ad acquisire e approfondire nuove aree di conoscenza per la loro crescita. Pi\u00f9 conosci, pi\u00f9 audaci e rivoluzionarie saranno le cose che faremo insieme.\n                        <\/div>\n                    <\/li>\n\n                                        <li>\n                        <div>\n                            <h2>Diversity e inclusion\n<\/h2>\n                            Ci impegniamo a creare un&#8217;azienda egualitaria e inclusiva per tutt\u0259. Ci\u00f2 che conta davvero sono le persone, i loro valori e ci\u00f2 che vogliono realizzare, insieme.\n                        <\/div>\n                    <\/li>\n\n                                        <li>\n                        <div>\n                            <h2>Sostenibilit\u00e0\n<\/h2>\n                            Creiamo un impatto positivo attraverso il nostro impegno sociale, con opportunit\u00e0 di volontariato, eventi di beneficenza e consumo sostenibile (SDG 12 dell&#8217;ONU). Amiamo celebrare i nostri successi, grandi o piccoli che siano, prestando sempre attenzione alla realt\u00e0 che viviamo.\n                        <\/div>\n                    <\/li>\n\n                                <\/ol>\n        <\/div>\n    <\/section><!-- .steps -->\n<\/div>\n\n\n<div id=\"infoIconos-block_3e612c211dce0b9abe4c5e7f27af22ef\" class=\"infoIconos\">\n    <section class=\"features active\">\n        <div class=\"container\">\n            <h2>In Rebold siamo:<\/h2>\n            <ul>\n                                    <li>\n                        <img decoding=\"async\" src=\"https:\/\/letsrebold.com\/wp-content\/themes\/rebold\/images\/scissors.svg\" alt=\"\">\n                        <strong>Experience Crafters<\/strong>\n                        <em>Creiamo prima degli altri.<\/em>\n                        Non ci conformiamo mai.                    <\/li>\n                                    <li>\n                        <img decoding=\"async\" src=\"https:\/\/letsrebold.com\/wp-content\/themes\/rebold\/images\/glasses.svg\" alt=\"\">\n                        <strong>Data <br> Geeks<\/strong>\n                        <em>Sfidiamo grazie ai dati.<\/em>\n                        Anticipiamo il domani.                    <\/li>\n                                    <li>\n                        <img decoding=\"async\" src=\"https:\/\/letsrebold.com\/wp-content\/themes\/rebold\/images\/compass.svg\" alt=\"\">\n                        <strong>Growth Sherpas<\/strong>\n                        <em>Scopriamo nuove strade.<\/em>\n                        Eleviamo i risultati.                    <\/li>\n                \n            <\/ul>\n        <\/div>\n    <\/section><!-- .features -->\n<\/div>\n\n\n\n<div id=\"cifras-block_e84a74d4f026859e97411097b17f817f\" class=\"cifras\">\n    <article>\n        <div class=\"totals color-primary\" id=\"totals\">\n            <ul class=\"container\">\n                            <li>\n                    <strong>\n                                                <span class=\"js-counter\" data-value=\"7\">0<\/span>\n                                                                    <\/strong>\n                    <p>Paesi<\/p>\n                <\/li>\n                            <li>\n                    <strong>\n                        +                        <span class=\"js-counter\" data-value=\"300\">0<\/span>\n                                                                    <\/strong>\n                    <p>Professionist\u0259<\/p>\n                <\/li>\n                            <li>\n                    <strong>\n                        +                        <span class=\"js-counter\" data-value=\"35\">0<\/span>\n                                                                    <\/strong>\n                    <p>Anni di esperienza<\/p>\n                <\/li>\n                            <li>\n                    <strong>\n                        +                        <span class=\"js-counter\" data-value=\"100\">0<\/span>\n                                                                    <\/strong>\n                    <p>Clienti attivi<\/p>\n                <\/li>\n                        <\/ul>\n        <\/div>\n    <\/article>\n<\/div>\n\n\n\n\n<div id=\"imagen-block_bab3879fbec61122ed376facf3e67e8f\" class=\"imagen\">\n            <div class=\"image\">\n            <img decoding=\"async\" loading=\"lazy\" width=\"1061\" height=\"600\" src=\"https:\/\/letsrebold.com\/wp-content\/uploads\/2022\/10\/Careers_team-oct-1061x600.jpg\" class=\"attachment-img-header size-img-header wp-post-image\" alt=\"Careers_team-oct\" title=\"Careers_team-oct\">\n        <\/div>\n        \n\n<\/div>\n\n<section id=\"insights-block_568d3b1b1739fb323eedfec0133ea3ca\" class=\"insights insights-people active\">\n    <div class=\"container\">\n                    <img loading=\"lazy\" decoding=\"async\" class=\"insights_svg\" src=\"https:\/\/letsrebold.com\/wp-content\/themes\/rebold\/images\/deco-lines-2-v2.svg\" width=\"480\" height=\"293\" alt=\"\">\n        \n        <h2 class=\"insights_tag\">Be &lt;strong&gt;light.&lt;br \/&gt;\n&lt;\/strong&gt; Be &lt;strong&gt;bold.&lt;\/strong&gt;&lt;br \/&gt;\nNever &lt;strong&gt;regular.&lt;\/strong&gt;\n<\/h2>\n        <div class=\"swiper swiper-insights\">\n            <div class=\"swiper-wrapper\">\n                                        <div class=\"swiper-slide\">\n                            <article class=\"insight\">\n                                <a href=\"https:\/\/letsrebold.com\/it\/blog\/implementar-cro-para-optimizar-conversion-web\/\" class=\"insight_image\" alt=\"Come implementare la CRO per incrementare la conversione web\" title=\"Come implementare la CRO per incrementare la conversione web\">\n                                    <img loading=\"lazy\" decoding=\"async\" src=\"https:\/\/letsrebold.com\/wp-content\/uploads\/2023\/01\/Como-implementar-el-CRO-para-optimizar-la-conversacion-web-578x351.jpg\" alt=\"Come implementare la CRO per incrementare la conversione web\" title=\"Come implementare la CRO per incrementare la conversione web\" width=\"578\" height=\"351\" \/>\n                                <\/a>\n                                <a href=\"https:\/\/letsrebold.com\/it\/blog\/implementar-cro-para-optimizar-conversion-web\/\">\n                                    <h3 class=\"insight_title\">Come implementare la CRO per incrementare la conversione web<\/h3>\n                                <\/a>\n                                <a href=\"https:\/\/letsrebold.com\/it\/blog\/implementar-cro-para-optimizar-conversion-web\/\">\n                                    <p class=\"insight_description\">La CRO per ottimizzare il sito \u00e8 una modalit\u00e0 di miglioramento di alcuni aspetti della pagina che ha lo scopo di aumentare le conversioni in maniera considerevole. L\u2019obiettivo principale \u00e8 riuscire a potenziare l\u2019efficacia del sito a fronte del traffico in arrivo dalle diverse campagne. Succede in molti casi che la maggior parte delle pagine [&hellip;]<\/p>\n                                <\/a>\n                                <a class=\"insight_link\" href=\"https:\/\/letsrebold.com\/it\/blog\/implementar-cro-para-optimizar-conversion-web\/\" title=\"Come implementare la CRO per incrementare la conversione web\" alt=\"Come implementare la CRO per incrementare la conversione web\">\n                                    <span>Scopri di pi\u00f9<\/span>\n                                    <span class=\"ico-right\">Scopri di pi\u00f9<\/span>\n                                <\/a>\n                            <\/article>\n                        <\/div>\n                                        <div class=\"swiper-slide\">\n                            <article class=\"insight\">\n                                <a href=\"https:\/\/letsrebold.com\/it\/blog\/realidad-virtual-en-las-redes-sociales\/\" class=\"insight_image\" alt=\"Come incideranno la realt\u00e0 aumentata e la realt\u00e0 virtuale sui social network?\" title=\"Come incideranno la realt\u00e0 aumentata e la realt\u00e0 virtuale sui social network?\">\n                                    <img loading=\"lazy\" decoding=\"async\" src=\"https:\/\/letsrebold.com\/wp-content\/uploads\/2023\/01\/AdobeStock_553228476_Editorial_Use_Only-578x351.jpeg\" alt=\"Come incideranno la realt\u00e0 aumentata e la realt\u00e0 virtuale sui social network?\" title=\"Come incideranno la realt\u00e0 aumentata e la realt\u00e0 virtuale sui social network?\" width=\"578\" height=\"351\" \/>\n                                <\/a>\n                                <a href=\"https:\/\/letsrebold.com\/it\/blog\/realidad-virtual-en-las-redes-sociales\/\">\n                                    <h3 class=\"insight_title\">Come incideranno la realt\u00e0 aumentata e la realt\u00e0 virtuale sui social network?<\/h3>\n                                <\/a>\n                                <a href=\"https:\/\/letsrebold.com\/it\/blog\/realidad-virtual-en-las-redes-sociales\/\">\n                                    <p class=\"insight_description\">La realt\u00e0 virtuale sui social network \u00e8 diventata una risorsa di grandissimo valore per i brand e i professionisti del marketing, e lo stresso vale per la realt\u00e0 aumentata. Le piattaforme social cercano di migliorare la user experience implementandole come valore aggiunto. La realt\u00e0 virtuale sui social network ha la capacit\u00e0 di rivoluzionare il mercato [&hellip;]<\/p>\n                                <\/a>\n                                <a class=\"insight_link\" href=\"https:\/\/letsrebold.com\/it\/blog\/realidad-virtual-en-las-redes-sociales\/\" title=\"Come incideranno la realt\u00e0 aumentata e la realt\u00e0 virtuale sui social network?\" alt=\"Come incideranno la realt\u00e0 aumentata e la realt\u00e0 virtuale sui social network?\">\n                                    <span>Scopri di pi\u00f9<\/span>\n                                    <span class=\"ico-right\">Scopri di pi\u00f9<\/span>\n                                <\/a>\n                            <\/article>\n                        <\/div>\n                                        <div class=\"swiper-slide\">\n                            <article class=\"insight\">\n                                <a href=\"https:\/\/letsrebold.com\/it\/blog\/app-intelligenza-artificiale-per-il-marketing\/\" class=\"insight_image\" alt=\"6 app di AI che ogni marketer deve conoscere e usare nel 2023\" title=\"6 app di AI che ogni marketer deve conoscere e usare nel 2023\">\n                                    <img loading=\"lazy\" decoding=\"async\" src=\"https:\/\/letsrebold.com\/wp-content\/uploads\/2023\/01\/X-apps-de-AI-que-todo-marketero-debe-conocer-578x351.jpg\" alt=\"6 app di AI che ogni marketer deve conoscere e usare nel 2023\" title=\"6 app di AI che ogni marketer deve conoscere e usare nel 2023\" width=\"578\" height=\"351\" \/>\n                                <\/a>\n                                <a href=\"https:\/\/letsrebold.com\/it\/blog\/app-intelligenza-artificiale-per-il-marketing\/\">\n                                    <h3 class=\"insight_title\">6 app di AI che ogni marketer deve conoscere e usare nel 2023<\/h3>\n                                <\/a>\n                                <a href=\"https:\/\/letsrebold.com\/it\/blog\/app-intelligenza-artificiale-per-il-marketing\/\">\n                                    <p class=\"insight_description\">Le app di AI servono a migliorare i processi di marketing, tra i quali si colloca in testa la creazione di contenuti di qualit\u00e0, nonostante sia dimostrato, al momento, che non sono ancora in grado di soppiantare il lavoro umano, rappresentano una buona opportunit\u00e0 per ottimizzare il tempo, migliorare la produttivit\u00e0 e rispolverare la creativit\u00e0. [&hellip;]<\/p>\n                                <\/a>\n                                <a class=\"insight_link\" href=\"https:\/\/letsrebold.com\/it\/blog\/app-intelligenza-artificiale-per-il-marketing\/\" title=\"6 app di AI che ogni marketer deve conoscere e usare nel 2023\" alt=\"6 app di AI che ogni marketer deve conoscere e usare nel 2023\">\n                                    <span>Scopri di pi\u00f9<\/span>\n                                    <span class=\"ico-right\">Scopri di pi\u00f9<\/span>\n                                <\/a>\n                            <\/article>\n                        <\/div>\n                            <\/div>\n            <div class=\"swiper-controls\">\n                <a class=\"swiper-button-prev\" href=\"#\"><span class=\"ico-left\">Precedente<\/span><\/a>\n                <a class=\"swiper-button-next\" href=\"#\"><span class=\"ico-right\">Seguente<\/span><\/a>\n                <div class=\"swiper-pagination\"><\/div>\n            <\/div>\n        <\/div>\n    <\/div>\n<\/section><!-- .insights -->\n\n\n\n<div id=\"contacto-block_389a06e15fbb8e27039d03112a498d77\" class=\"contacto\">\n    <section class=\"hero hero-contact  active\">\n        <div class=\"container\">\n            <article>\n                                    <span class=\"hero_tag\">Car\u0259 Coraggios\u0259:\n<\/span>\n                                <h3 class=\"hero_title\"><p style=\"margin-top:5rem\">Qui <b>comincia tutto.<\/b>\n<\/p><\/h3>\n                <div class=\"hero_subtitle\"><p>Scopri le nostre posizioni aperte. Raccontaci la tua storia, i tuoi risultati, mostraci il tuo portfolio o qualsiasi cosa che consideri <strong>bold<\/strong>!<\/p>\n<p>Ancora non lo sai, ma se sei arrivato fin qui, sei gi\u00e0 un\u0259 di noi!<\/p>\n<\/div>                <a class=\"hero_link_v2\" href=\"https:\/\/www.linkedin.com\/company\/ispd-global\/jobs\/\" alt=\"Entra nel team\" title=\"Entra nel team\">\n                    <span>Entra nel team<\/span>\n                    <img decoding=\"async\" src=\"https:\/\/letsrebold.com\/wp-content\/themes\/rebold\/images\/btn-contact.svg\" alt=\"Flecha\" class=\"hero_arrow\">\n                <\/a>\n\n            <\/article>\n        <\/div>\n    <\/section><!-- .hero -->\n<\/div>","protected":false},"excerpt":{"rendered":"","protected":false},"author":21,"featured_media":0,"parent":0,"menu_order":0,"comment_status":"closed","ping_status":"closed","template":"page-100-width.php","meta":{"_acf_changed":false,"footnotes":""},"class_list":["post-9741","page","type-page","status-publish","hentry"],"acf":[],"yoast_head":"<!-- This site is optimized with the Yoast SEO plugin v27.1.1 - https:\/\/yoast.com\/product\/yoast-seo-wordpress\/ -->\n<title>Entra nel team | Rebold<\/title>\n<meta name=\"description\" content=\"Diventa parte della Rebold crew! Lavora in un ambiente flessibile, dinamico e sempre pronto ad ascoltare le tue idee.\" \/>\n<meta name=\"robots\" content=\"index, follow, max-snippet:-1, max-image-preview:large, max-video-preview:-1\" \/>\n<link rel=\"canonical\" href=\"https:\/\/letsrebold.com\/it\/careers\/\" \/>\n<meta property=\"og:locale\" content=\"it_IT\" \/>\n<meta property=\"og:type\" content=\"article\" \/>\n<meta property=\"og:title\" content=\"Entra nel team | Rebold\" \/>\n<meta property=\"og:description\" content=\"Diventa parte della Rebold crew! Lavora in un ambiente flessibile, dinamico e sempre pronto ad ascoltare le tue idee.\" \/>\n<meta property=\"og:url\" content=\"https:\/\/letsrebold.com\/it\/careers\/\" \/>\n<meta property=\"og:site_name\" content=\"Rebold\" \/>\n<meta property=\"article:modified_time\" content=\"2022-10-19T13:23:31+00:00\" \/>\n<meta name=\"twitter:card\" content=\"summary_large_image\" \/>\n<script type=\"application\/ld+json\" class=\"yoast-schema-graph\">{\"@context\":\"https:\/\/schema.org\",\"@graph\":[{\"@type\":\"WebPage\",\"@id\":\"https:\/\/letsrebold.com\/it\/careers\/\",\"url\":\"https:\/\/letsrebold.com\/it\/careers\/\",\"name\":\"Entra nel team | Rebold\",\"isPartOf\":{\"@id\":\"https:\/\/letsrebold.com\/it\/#website\"},\"datePublished\":\"2022-06-01T14:06:00+00:00\",\"dateModified\":\"2022-10-19T13:23:31+00:00\",\"description\":\"Diventa parte della Rebold crew! Lavora in un ambiente flessibile, dinamico e sempre pronto ad ascoltare le tue idee.\",\"inLanguage\":\"it-IT\",\"potentialAction\":[{\"@type\":\"ReadAction\",\"target\":[\"https:\/\/letsrebold.com\/it\/careers\/\"]}]},{\"@type\":\"WebSite\",\"@id\":\"https:\/\/letsrebold.com\/it\/#website\",\"url\":\"https:\/\/letsrebold.com\/it\/\",\"name\":\"Rebold\",\"description\":\"\",\"potentialAction\":[{\"@type\":\"SearchAction\",\"target\":{\"@type\":\"EntryPoint\",\"urlTemplate\":\"https:\/\/letsrebold.com\/it\/?s={search_term_string}\"},\"query-input\":{\"@type\":\"PropertyValueSpecification\",\"valueRequired\":true,\"valueName\":\"search_term_string\"}}],\"inLanguage\":\"it-IT\"}]}<\/script>\n<!-- \/ Yoast SEO plugin. -->","yoast_head_json":{"title":"Entra nel team | Rebold","description":"Diventa parte della Rebold crew! Lavora in un ambiente flessibile, dinamico e sempre pronto ad ascoltare le tue idee.","robots":{"index":"index","follow":"follow","max-snippet":"max-snippet:-1","max-image-preview":"max-image-preview:large","max-video-preview":"max-video-preview:-1"},"canonical":"https:\/\/letsrebold.com\/it\/careers\/","og_locale":"it_IT","og_type":"article","og_title":"Entra nel team | Rebold","og_description":"Diventa parte della Rebold crew! Lavora in un ambiente flessibile, dinamico e sempre pronto ad ascoltare le tue idee.","og_url":"https:\/\/letsrebold.com\/it\/careers\/","og_site_name":"Rebold","article_modified_time":"2022-10-19T13:23:31+00:00","twitter_card":"summary_large_image","schema":{"@context":"https:\/\/schema.org","@graph":[{"@type":"WebPage","@id":"https:\/\/letsrebold.com\/it\/careers\/","url":"https:\/\/letsrebold.com\/it\/careers\/","name":"Entra nel team | Rebold","isPartOf":{"@id":"https:\/\/letsrebold.com\/it\/#website"},"datePublished":"2022-06-01T14:06:00+00:00","dateModified":"2022-10-19T13:23:31+00:00","description":"Diventa parte della Rebold crew! Lavora in un ambiente flessibile, dinamico e sempre pronto ad ascoltare le tue idee.","inLanguage":"it-IT","potentialAction":[{"@type":"ReadAction","target":["https:\/\/letsrebold.com\/it\/careers\/"]}]},{"@type":"WebSite","@id":"https:\/\/letsrebold.com\/it\/#website","url":"https:\/\/letsrebold.com\/it\/","name":"Rebold","description":"","potentialAction":[{"@type":"SearchAction","target":{"@type":"EntryPoint","urlTemplate":"https:\/\/letsrebold.com\/it\/?s={search_term_string}"},"query-input":{"@type":"PropertyValueSpecification","valueRequired":true,"valueName":"search_term_string"}}],"inLanguage":"it-IT"}]}},"_links":{"self":[{"href":"https:\/\/letsrebold.com\/it\/wp-json\/wp\/v2\/pages\/9741","targetHints":{"allow":["GET"]}}],"collection":[{"href":"https:\/\/letsrebold.com\/it\/wp-json\/wp\/v2\/pages"}],"about":[{"href":"https:\/\/letsrebold.com\/it\/wp-json\/wp\/v2\/types\/page"}],"author":[{"embeddable":true,"href":"https:\/\/letsrebold.com\/it\/wp-json\/wp\/v2\/users\/21"}],"replies":[{"embeddable":true,"href":"https:\/\/letsrebold.com\/it\/wp-json\/wp\/v2\/comments?post=9741"}],"version-history":[{"count":100,"href":"https:\/\/letsrebold.com\/it\/wp-json\/wp\/v2\/pages\/9741\/revisions"}],"predecessor-version":[{"id":12414,"href":"https:\/\/letsrebold.com\/it\/wp-json\/wp\/v2\/pages\/9741\/revisions\/12414"}],"wp:attachment":[{"href":"https:\/\/letsrebold.com\/it\/wp-json\/wp\/v2\/media?parent=9741"}],"curies":[{"name":"wp","href":"https:\/\/api.w.org\/{rel}","templated":true}]}}